{"id":25981359,"date":"2024-02-05T23:01:16","date_gmt":"2024-02-05T23:01:16","guid":{"rendered":"https:\/\/destileriasaldea.es\/kontakt"},"modified":"2024-05-09T23:56:24","modified_gmt":"2024-05-09T23:56:24","slug":"kontakt","status":"publish","type":"page","link":"https:\/\/destileriasaldea.es\/de\/kontakt","title":{"rendered":"Kontakt"},"content":{"rendered":"<p>[et_pb_section fb_built=&#8220;1&#8243; _builder_version=&#8220;4.24.2&#8243; _module_preset=&#8220;default&#8220; background_color=&#8220;#000000&#8243; background_image=&#8220;https:\/\/destileriasaldea.es\/wp-content\/uploads\/2024\/02\/Palmera.png&#8220; background_size=&#8220;initial&#8220; background_position=&#8220;bottom_right&#8220; background_horizontal_offset=&#8220;20%&#8220; custom_margin=&#8220;75px||||false|false&#8220; custom_margin_tablet=&#8220;75px||||false|false&#8220; custom_margin_phone=&#8220;|0px||0px|false|false&#8220; custom_margin_last_edited=&#8220;on|phone&#8220; background_last_edited=&#8220;on|phone&#8220; background_blend_phone=&#8220;luminosity&#8220; global_colors_info=&#8220;{}&#8220;][et_pb_row use_custom_gutter=&#8220;on&#8220; gutter_width=&#8220;1&#8243; make_equal=&#8220;on&#8220; custom_padding_last_edited=&#8220;on|phone&#8220; _builder_version=&#8220;4.24.2&#8243; _module_preset=&#8220;default&#8220; width=&#8220;50%&#8220; width_tablet=&#8220;50%&#8220; width_phone=&#8220;50%&#8220; width_last_edited=&#8220;on|phone&#8220; module_alignment=&#8220;left&#8220; custom_margin=&#8220;||||false|false&#8220; custom_padding=&#8220;50px||||false|false&#8220; custom_padding_tablet=&#8220;50px||||false|false&#8220; custom_padding_phone=&#8220;25px||||false|false&#8220; locked=&#8220;off&#8220; global_colors_info=&#8220;{}&#8220;][et_pb_column type=&#8220;4_4&#8243; _builder_version=&#8220;4.23.1&#8243; _module_preset=&#8220;default&#8220; global_colors_info=&#8220;{}&#8220;][et_pb_text _builder_version=&#8220;4.24.0&#8243; _dynamic_attributes=&#8220;link_option_url&#8220; _module_preset=&#8220;default&#8220; text_font=&#8220;Antonio|700|||||||&#8220; text_text_color=&#8220;#c79b67&#8243; text_font_size=&#8220;30px&#8220; width=&#8220;20%&#8220; width_tablet=&#8220;35%&#8220; width_phone=&#8220;55%&#8220; width_last_edited=&#8220;on|phone&#8220; custom_padding=&#8220;||15px|25px|false|false&#8220; custom_padding_tablet=&#8220;||10px||false|false&#8220; custom_padding_phone=&#8220;||5px||false|false&#8220; custom_padding_last_edited=&#8220;on|phone&#8220; link_option_url=&#8220;@ET-DC@eyJkeW5hbWljIjp0cnVlLCJjb250ZW50IjoicG9zdF9saW5rX3VybF9wYWdlIiwic2V0dGluZ3MiOnsicG9zdF9pZCI6IjEzMyJ9fQ==@&#8220; text_font_size_tablet=&#8220;25px&#8220; text_font_size_phone=&#8220;20px&#8220; text_font_size_last_edited=&#8220;on|desktop&#8220; border_color_all=&#8220;#c79b67&#8243; border_width_bottom=&#8220;2px&#8220; global_colors_info=&#8220;{}&#8220;]<\/p>\n<p>KONTAKT<\/p>\n<p>[\/et_pb_text][\/et_pb_column][\/et_pb_row][et_pb_row column_structure=&#8220;1_2,1_2&#8243; use_custom_gutter=&#8220;on&#8220; gutter_width=&#8220;1&#8243; make_equal=&#8220;on&#8220; _builder_version=&#8220;4.24.2&#8243; _module_preset=&#8220;default&#8220; width=&#8220;50%&#8220; width_tablet=&#8220;80%&#8220; width_phone=&#8220;90%&#8220; width_last_edited=&#8220;on|phone&#8220; module_alignment=&#8220;center&#8220; global_colors_info=&#8220;{}&#8220;][et_pb_column type=&#8220;1_2&#8243; _builder_version=&#8220;4.23.4&#8243; _module_preset=&#8220;default&#8220; global_colors_info=&#8220;{}&#8220;][et_pb_text _builder_version=&#8220;4.24.0&#8243; _module_preset=&#8220;default&#8220; text_font=&#8220;Antonio||||||||&#8220; text_text_color=&#8220;#c79b67&#8243; text_font_size=&#8220;30px&#8220; global_colors_info=&#8220;{}&#8220;]FINDE UNS:[\/et_pb_text][et_pb_text _builder_version=&#8220;4.24.0&#8243; _module_preset=&#8220;default&#8220; text_font=&#8220;Antonio||||||||&#8220; text_text_color=&#8220;#FFFFFF&#8220; text_font_size=&#8220;22px&#8220; text_line_height=&#8220;1.8em&#8220; custom_padding=&#8220;20px||||false|false&#8220; global_colors_info=&#8220;{}&#8220;]Camino el Melonar, 19<br \/>\n38729 Charco Azul<br \/>\nInsel La Palma[\/et_pb_text][et_pb_text _builder_version=&#8220;4.24.0&#8243; _module_preset=&#8220;default&#8220; text_font=&#8220;Antonio||||||||&#8220; text_text_color=&#8220;#c79b67&#8243; text_font_size=&#8220;30px&#8220; custom_padding=&#8220;40px||||false|false&#8220; global_colors_info=&#8220;{}&#8220;]SCHREIBEN SIE UNS:[\/et_pb_text][\/et_pb_column][et_pb_column type=&#8220;1_2&#8243; _builder_version=&#8220;4.23.4&#8243; _module_preset=&#8220;default&#8220; global_colors_info=&#8220;{}&#8220;][et_pb_image src=&#8220;https:\/\/destileriasaldea.es\/wp-content\/uploads\/2024\/02\/mapa_contacto-80.jpg&#8220; url=&#8220;https:\/\/maps.app.goo.gl\/PejAdnBbGWXzc78t5&#8243; url_new_window=&#8220;on&#8220; align=&#8220;center&#8220; _builder_version=&#8220;4.24.2&#8243; _module_preset=&#8220;default&#8220; module_alignment=&#8220;center&#8220; max_height=&#8220;185px&#8220; max_height_tablet=&#8220;185px&#8220; max_height_phone=&#8220;185px&#8220; max_height_last_edited=&#8220;on|phone&#8220; custom_margin=&#8220;|||-49px|false|false&#8220; custom_padding=&#8220;40px||||false|false&#8220; custom_padding_tablet=&#8220;40px||||false|false&#8220; custom_padding_phone=&#8220;40px||||false|false&#8220; custom_padding_last_edited=&#8220;on|desktop&#8220; global_colors_info=&#8220;{}&#8220;][\/et_pb_image][\/et_pb_column][\/et_pb_row][et_pb_row custom_padding_last_edited=&#8220;on|desktop&#8220; _builder_version=&#8220;4.24.1&#8243; _module_preset=&#8220;default&#8220; width=&#8220;50%&#8220; width_tablet=&#8220;80%&#8220; width_phone=&#8220;90%&#8220; width_last_edited=&#8220;on|tablet&#8220; max_width=&#8220;1920px&#8220; module_alignment=&#8220;center&#8220; custom_margin=&#8220;||||false|false&#8220; custom_padding=&#8220;|||60px|false|false&#8220; custom_padding_tablet=&#8220;|||60px|false|false&#8220; custom_padding_phone=&#8220;|||30px|false|false&#8220; border_width_all=&#8220;3px&#8220; border_color_all=&#8220;#FFFFFF&#8220; global_colors_info=&#8220;{}&#8220;][et_pb_column type=&#8220;4_4&#8243; _builder_version=&#8220;4.24.0&#8243; _module_preset=&#8220;default&#8220; global_colors_info=&#8220;{}&#8220;][et_pb_contact_form use_spam_service=&#8220;on&#8220; recaptcha_list=&#8220;Nueva Web Aldea|Nueva Web Aldea-0&#8243; email=&#8220;ronaldea@destileriasaldea.es&#8220; custom_message=&#8220;Formulario de Reserva Visita al Museo, enviado desde la web de Destilerias Aldea, S.A.||et_pb_line_break_holder||||et_pb_line_break_holder||Nombre: %%name%%||et_pb_line_break_holder||Email solicitante: %%email%%||et_pb_line_break_holder||N\u00famero de Tel\u00e9fono: %%telefono%%||et_pb_line_break_holder||Fecha de su visita: %%fecha%%||et_pb_line_break_holder||Idioma de la visita: %%idioma_de_visita_lunes_a_viernes%% %%idioma_de_visita_fin_de_semana%%||et_pb_line_break_holder||Horario de su visita: %%horario_visita_semanal%% %%horario_Ingles_aleman%% %%horario_aleman%% %%horario_espanol_finde%% %%horario_ingles_finde%%||et_pb_line_break_holder||\u00bfTienes un c\u00f3digo de descuento? %%codigo%%||et_pb_line_break_holder||C\u00f3digo introducido: %%codigo_valido%%||et_pb_line_break_holder||N\u00famero de Visitantes: %%visitantes%%||et_pb_line_break_holder||Mensaje: %%Message%%||et_pb_line_break_holder||||et_pb_line_break_holder||Nota importante: %%Mensaje_Codigo_Descuento%%&#8220; success_message=&#8220;Formular erfolgreich eingereicht. &#8220; submit_button_text=&#8220;SCHICKEN&#8220; disabled_on=&#8220;off|off|off&#8220; admin_label=&#8220;Contacto prueba v2&#8243; module_id=&#8220;Divi DateTime Picker&#8220; _builder_version=&#8220;4.24.2&#8243; _module_preset=&#8220;default&#8220; _unique_id=&#8220;ef6e423d-e0fb-4c3a-b5d4-8c13195029d0&#8243; form_field_background_color=&#8220;rgba(255,255,255,0)&#8220; form_field_text_color=&#8220;#FFFFFF&#8220; form_field_focus_background_color=&#8220;#FFFFFF&#8220; form_field_focus_text_color=&#8220;#FFFFFF&#8220; title_font=&#8220;Antonio||||||||&#8220; title_text_color=&#8220;#FFFFFF&#8220; captcha_text_color=&#8220;#c79b67&#8243; captcha_font_size=&#8220;20px&#8220; captcha_letter_spacing=&#8220;-1px&#8220; form_field_font=&#8220;Arial|600|||||||&#8220; custom_button=&#8220;on&#8220; button_text_color=&#8220;#c79b67&#8243; button_bg_color=&#8220;#FFFFFF&#8220; button_border_color=&#8220;#E09900&#8243; button_font=&#8220;Antonio||||||||&#8220; max_width=&#8220;90%&#8220; module_alignment=&#8220;left&#8220; custom_margin=&#8220;||||false|false&#8220; custom_padding=&#8220;||||false|false&#8220; captcha_text_color_tablet=&#8220;#c79b67&#8243; captcha_text_color_phone=&#8220;#c79b67&#8243; captcha_text_color_last_edited=&#8220;on|desktop&#8220; captcha_font_size_tablet=&#8220;20px&#8220; captcha_font_size_phone=&#8220;20px&#8220; captcha_font_size_last_edited=&#8220;on|desktop&#8220; border_width_all=&#8220;2px&#8220; border_color_all=&#8220;#FFFFFF&#8220; locked=&#8220;off&#8220; global_colors_info=&#8220;{}&#8220; captcha_text_color__hover_enabled=&#8220;off|desktop&#8220;][et_pb_contact_field field_id=&#8220;Name&#8220; field_title=&#8220;NAME&#8220; _builder_version=&#8220;4.24.0&#8243; _module_preset=&#8220;default&#8220; form_field_background_color=&#8220;RGBA(255,255,255,0)&#8220; form_field_focus_background_color=&#8220;RGBA(255,255,255,0)&#8220; form_field_focus_text_color=&#8220;#c79b67&#8243; form_field_font=&#8220;Antonio|600|||||||&#8220; form_field_font_size=&#8220;20px&#8220; global_colors_info=&#8220;{}&#8220; button_text_size__hover_enabled=&#8220;off&#8220; button_one_text_size__hover_enabled=&#8220;off&#8220; button_two_text_size__hover_enabled=&#8220;off&#8220; button_text_color__hover_enabled=&#8220;off&#8220; button_one_text_color__hover_enabled=&#8220;off&#8220; button_two_text_color__hover_enabled=&#8220;off&#8220; button_border_width__hover_enabled=&#8220;off&#8220; button_one_border_width__hover_enabled=&#8220;off&#8220; button_two_border_width__hover_enabled=&#8220;off&#8220; button_border_color__hover_enabled=&#8220;off&#8220; button_one_border_color__hover_enabled=&#8220;off&#8220; button_two_border_color__hover_enabled=&#8220;off&#8220; button_border_radius__hover_enabled=&#8220;off&#8220; button_one_border_radius__hover_enabled=&#8220;off&#8220; button_two_border_radius__hover_enabled=&#8220;off&#8220; button_letter_spacing__hover_enabled=&#8220;off&#8220; button_one_letter_spacing__hover_enabled=&#8220;off&#8220; button_two_letter_spacing__hover_enabled=&#8220;off&#8220; button_bg_color__hover_enabled=&#8220;off&#8220; button_one_bg_color__hover_enabled=&#8220;off&#8220; button_two_bg_color__hover_enabled=&#8220;off&#8220;][\/et_pb_contact_field][et_pb_contact_field field_id=&#8220;telefono&#8220; field_title=&#8220;TELEFON&#8220; _builder_version=&#8220;4.24.0&#8243; _module_preset=&#8220;default&#8220; form_field_background_color=&#8220;RGBA(255,255,255,0)&#8220; form_field_focus_background_color=&#8220;RGBA(255,255,255,0)&#8220; form_field_focus_text_color=&#8220;#c79b67&#8243; form_field_font=&#8220;Antonio|600|||||||&#8220; form_field_font_size=&#8220;20px&#8220; global_colors_info=&#8220;{}&#8220;][\/et_pb_contact_field][et_pb_contact_field field_id=&#8220;Email&#8220; field_title=&#8220;EMAIL&#8220; field_type=&#8220;email&#8220; fullwidth_field=&#8220;on&#8220; _builder_version=&#8220;4.24.0&#8243; _module_preset=&#8220;default&#8220; form_field_background_color=&#8220;RGBA(255,255,255,0)&#8220; form_field_focus_background_color=&#8220;RGBA(255,255,255,0)&#8220; form_field_focus_text_color=&#8220;#c79b67&#8243; form_field_font=&#8220;Antonio|600|||||||&#8220; form_field_font_size=&#8220;20px&#8220; global_colors_info=&#8220;{}&#8220; button_text_size__hover_enabled=&#8220;off&#8220; button_one_text_size__hover_enabled=&#8220;off&#8220; button_two_text_size__hover_enabled=&#8220;off&#8220; button_text_color__hover_enabled=&#8220;off&#8220; button_one_text_color__hover_enabled=&#8220;off&#8220; button_two_text_color__hover_enabled=&#8220;off&#8220; button_border_width__hover_enabled=&#8220;off&#8220; button_one_border_width__hover_enabled=&#8220;off&#8220; button_two_border_width__hover_enabled=&#8220;off&#8220; button_border_color__hover_enabled=&#8220;off&#8220; button_one_border_color__hover_enabled=&#8220;off&#8220; button_two_border_color__hover_enabled=&#8220;off&#8220; button_border_radius__hover_enabled=&#8220;off&#8220; button_one_border_radius__hover_enabled=&#8220;off&#8220; button_two_border_radius__hover_enabled=&#8220;off&#8220; button_letter_spacing__hover_enabled=&#8220;off&#8220; button_one_letter_spacing__hover_enabled=&#8220;off&#8220; button_two_letter_spacing__hover_enabled=&#8220;off&#8220; button_bg_color__hover_enabled=&#8220;off&#8220; button_one_bg_color__hover_enabled=&#8220;off&#8220; button_two_bg_color__hover_enabled=&#8220;off&#8220;][\/et_pb_contact_field][et_pb_contact_field field_id=&#8220;Asunto&#8220; field_title=&#8220;AFF\u00c4RE&#8220; field_type=&#8220;email&#8220; fullwidth_field=&#8220;on&#8220; _builder_version=&#8220;4.24.0&#8243; _module_preset=&#8220;default&#8220; form_field_background_color=&#8220;RGBA(255,255,255,0)&#8220; form_field_focus_background_color=&#8220;RGBA(255,255,255,0)&#8220; form_field_focus_text_color=&#8220;#c79b67&#8243; form_field_font=&#8220;Antonio|600|||||||&#8220; form_field_font_size=&#8220;20px&#8220; global_colors_info=&#8220;{}&#8220; button_text_size__hover_enabled=&#8220;off&#8220; button_one_text_size__hover_enabled=&#8220;off&#8220; button_two_text_size__hover_enabled=&#8220;off&#8220; button_text_color__hover_enabled=&#8220;off&#8220; button_one_text_color__hover_enabled=&#8220;off&#8220; button_two_text_color__hover_enabled=&#8220;off&#8220; button_border_width__hover_enabled=&#8220;off&#8220; button_one_border_width__hover_enabled=&#8220;off&#8220; button_two_border_width__hover_enabled=&#8220;off&#8220; button_border_color__hover_enabled=&#8220;off&#8220; button_one_border_color__hover_enabled=&#8220;off&#8220; button_two_border_color__hover_enabled=&#8220;off&#8220; button_border_radius__hover_enabled=&#8220;off&#8220; button_one_border_radius__hover_enabled=&#8220;off&#8220; button_two_border_radius__hover_enabled=&#8220;off&#8220; button_letter_spacing__hover_enabled=&#8220;off&#8220; button_one_letter_spacing__hover_enabled=&#8220;off&#8220; button_two_letter_spacing__hover_enabled=&#8220;off&#8220; button_bg_color__hover_enabled=&#8220;off&#8220; button_one_bg_color__hover_enabled=&#8220;off&#8220; button_two_bg_color__hover_enabled=&#8220;off&#8220;][\/et_pb_contact_field][et_pb_contact_field field_id=&#8220;Message&#8220; field_title=&#8220;NACHRICHT&#8220; field_type=&#8220;text&#8220; fullwidth_field=&#8220;on&#8220; _builder_version=&#8220;4.23.4&#8243; _module_preset=&#8220;default&#8220; form_field_background_color=&#8220;RGBA(255,255,255,0)&#8220; form_field_focus_background_color=&#8220;RGBA(255,255,255,0)&#8220; form_field_focus_text_color=&#8220;#c79b67&#8243; form_field_font=&#8220;Antonio|600|||||||&#8220; form_field_font_size=&#8220;20px&#8220; global_colors_info=&#8220;{}&#8220; button_text_size__hover_enabled=&#8220;off&#8220; button_one_text_size__hover_enabled=&#8220;off&#8220; button_two_text_size__hover_enabled=&#8220;off&#8220; button_text_color__hover_enabled=&#8220;off&#8220; button_one_text_color__hover_enabled=&#8220;off&#8220; button_two_text_color__hover_enabled=&#8220;off&#8220; button_border_width__hover_enabled=&#8220;off&#8220; button_one_border_width__hover_enabled=&#8220;off&#8220; button_two_border_width__hover_enabled=&#8220;off&#8220; button_border_color__hover_enabled=&#8220;off&#8220; button_one_border_color__hover_enabled=&#8220;off&#8220; button_two_border_color__hover_enabled=&#8220;off&#8220; button_border_radius__hover_enabled=&#8220;off&#8220; button_one_border_radius__hover_enabled=&#8220;off&#8220; button_two_border_radius__hover_enabled=&#8220;off&#8220; button_letter_spacing__hover_enabled=&#8220;off&#8220; button_one_letter_spacing__hover_enabled=&#8220;off&#8220; button_two_letter_spacing__hover_enabled=&#8220;off&#8220; button_bg_color__hover_enabled=&#8220;off&#8220; button_one_bg_color__hover_enabled=&#8220;off&#8220; button_two_bg_color__hover_enabled=&#8220;off&#8220;][\/et_pb_contact_field][\/et_pb_contact_form][et_pb_text _builder_version=&#8220;4.25.0&#8243; _module_preset=&#8220;default&#8220; text_font=&#8220;Antonio||||||||&#8220; text_text_color=&#8220;#FFFFFF&#8220; text_font_size=&#8220;15px&#8220; hover_enabled=&#8220;0&#8243; global_colors_info=&#8220;{}&#8220; sticky_enabled=&#8220;0&#8243;]<span style=\"color: #c79b67;\">Verantwortlich:<\/span> Destiler\u00edas Aldea S.L. <span style=\"color: #c79b67;\"><a style=\"color: #c79b67;\" href=\"mailto:ronaldea@destileriasaldea.es\">ronaldea@destileriasaldea.es<\/a><\/span><br \/>\n<span style=\"color: #c79b67;\">Zweck: <\/span>Verwaltung der vom Interessenten gesendeten Anfrage, Anfrage oder Anregung.<br \/>\n<span style=\"color: #c79b67;\">Legitimation: <\/span>Ihre Einwilligung und Ihr berechtigtes Interesse, auf die Anfrage antworten zu k\u00f6nnen.<br \/>\n<span style=\"color: #c79b67;\">Rechte: <\/span>Sie haben das Recht auf Auskunft, Berichtigung, L\u00f6schung und weitere Rechte, die in den zus\u00e4tzlichen Informationen erl\u00e4utert werden.<br \/>\n<span style=\"color: #c79b67;\">Weitere Informationen: <\/span>Weitere und detaillierte Informationen zum Datenschutz finden Sie in unserem <a href=\"https:\/\/destileriasaldea.es\/pdf\/politica_de_proteccion_de_datos_aleman.pdf\" target=\"_blank\" rel=\"noopener\"><span style=\"color: #c79b67;\">Datenschutzrichtlinie.<\/span><\/a>[\/et_pb_text][\/et_pb_column][\/et_pb_row][et_pb_row column_structure=&#8220;1_2,1_2&#8243; use_custom_gutter=&#8220;on&#8220; gutter_width=&#8220;1&#8243; make_equal=&#8220;on&#8220; _builder_version=&#8220;4.24.1&#8243; _module_preset=&#8220;default&#8220; width=&#8220;50%&#8220; width_tablet=&#8220;80%&#8220; width_phone=&#8220;80%&#8220; width_last_edited=&#8220;on|tablet&#8220; max_width=&#8220;1920px&#8220; module_alignment=&#8220;center&#8220; global_colors_info=&#8220;{}&#8220;][et_pb_column type=&#8220;1_2&#8243; _builder_version=&#8220;4.23.4&#8243; _module_preset=&#8220;default&#8220; global_colors_info=&#8220;{}&#8220;][et_pb_text _builder_version=&#8220;4.24.0&#8243; _module_preset=&#8220;default&#8220; text_font=&#8220;Antonio||||||||&#8220; text_text_color=&#8220;#c79b67&#8243; text_font_size=&#8220;30px&#8220; global_colors_info=&#8220;{}&#8220;]<\/p>\n<p>RUFEN SIE UNS AN:<\/p>\n<p>[\/et_pb_text][et_pb_text _builder_version=&#8220;4.24.1&#8243; _module_preset=&#8220;default&#8220; text_font=&#8220;Antonio||||||||&#8220; text_text_color=&#8220;#FFFFFF&#8220; text_font_size=&#8220;25px&#8220; header_text_color=&#8220;#FFFFFF&#8220; width=&#8220;340px&#8220; custom_margin=&#8220;||||false|false&#8220; custom_margin_tablet=&#8220;|||0px|false|false&#8220; custom_margin_phone=&#8220;|||0px|false|false&#8220; custom_margin_last_edited=&#8220;on|tablet&#8220; custom_padding=&#8220;20px||||false|false&#8220; text_font_size_tablet=&#8220;25px&#8220; text_font_size_phone=&#8220;16px&#8220; text_font_size_last_edited=&#8220;on|phone&#8220; locked=&#8220;off&#8220; global_colors_info=&#8220;{}&#8220;]<\/p>\n<p>Telefonzentrale<span style=\"color: #ffffff;\">: <a style=\"color: #ffffff;\" href=\"tel:+34922450568\">+34 922450568<\/a><\/span><\/p>\n<p>Museumstelefon: <span style=\"color: #ffffff;\"><a style=\"color: #ffffff;\" href=\"tel:+34822900513\">+34 822900513<\/a><\/span><\/p>\n<p>[\/et_pb_text][\/et_pb_column][et_pb_column type=&#8220;1_2&#8243; _builder_version=&#8220;4.23.4&#8243; _module_preset=&#8220;default&#8220; global_colors_info=&#8220;{}&#8220;][et_pb_text _builder_version=&#8220;4.24.1&#8243; _module_preset=&#8220;default&#8220; text_font=&#8220;Antonio||||||||&#8220; text_text_color=&#8220;#c79b67&#8243; text_font_size=&#8220;30px&#8220; width=&#8220;50%&#8220; custom_padding=&#8220;30px||||false|false&#8220; global_colors_info=&#8220;{}&#8220;]<\/p>\n<p>FOLGEN SIE UNS:<\/p>\n<p>[\/et_pb_text][et_pb_text _builder_version=&#8220;4.24.1&#8243; _module_preset=&#8220;default&#8220; text_font=&#8220;Antonio||||||||&#8220; text_text_color=&#8220;#FFFFFF&#8220; text_font_size=&#8220;25px&#8220; header_text_color=&#8220;#FFFFFF&#8220; width=&#8220;340px&#8220; custom_margin=&#8220;||||false|false&#8220; custom_margin_tablet=&#8220;|||0px|false|false&#8220; custom_margin_phone=&#8220;|||0px|false|false&#8220; custom_margin_last_edited=&#8220;on|tablet&#8220; custom_padding=&#8220;20px||||false|false&#8220; text_font_size_tablet=&#8220;25px&#8220; text_font_size_phone=&#8220;16px&#8220; text_font_size_last_edited=&#8220;on|phone&#8220; locked=&#8220;off&#8220; global_colors_info=&#8220;{}&#8220;]<\/p>\n<p><a href=\"https:\/\/www.facebook.com\/RonDeCanarias\" target=\"_blank\" rel=\"noopener\"><img loading=\"lazy\" decoding=\"async\" class=\"wp-image-1137 alignnone size-full\" src=\"https:\/\/destileriasaldea.es\/wp-content\/uploads\/2024\/02\/facebook.png\" alt=\"\" width=\"20\" height=\"41\" \/><\/a> <a href=\"https:\/\/www.instagram.com\/ronaldea_lapalma\/\" target=\"_blank\" rel=\"noopener\">\u00a0 \u00a0 <img loading=\"lazy\" decoding=\"async\" class=\"wp-image-1138 alignnone size-full\" src=\"https:\/\/destileriasaldea.es\/wp-content\/uploads\/2024\/02\/instagram.png\" alt=\"\" width=\"41\" height=\"41\" \/><\/a><\/p>\n<p>[\/et_pb_text][\/et_pb_column][\/et_pb_row][\/et_pb_section]<\/p>\n","protected":false},"excerpt":{"rendered":"<p>KONTAKTFINDE UNS:Camino el Melonar, 19 38729 Charco Azul Insel La PalmaSCHREIBEN SIE UNS:Verantwortlich: Destiler\u00edas Aldea S.L. ronaldea@destileriasaldea.es Zweck: Verwaltung der vom Interessenten gesendeten Anfrage, Anfrage oder Anregung. Legitimation: Ihre Einwilligung und Ihr berechtigtes Interesse, auf die Anfrage antworten zu k\u00f6nnen. Rechte: Sie haben das Recht auf Auskunft, Berichtigung, L\u00f6schung und weitere Rechte, die in den [&hellip;]<\/p>\n","protected":false},"author":1,"featured_media":0,"parent":0,"menu_order":0,"comment_status":"closed","ping_status":"closed","template":"","meta":{"_et_pb_use_builder":"on","_et_pb_old_content":"","_et_gb_content_width":"","footnotes":""},"class_list":["post-25981359","page","type-page","status-publish","hentry"],"_links":{"self":[{"href":"https:\/\/destileriasaldea.es\/de\/wp-json\/wp\/v2\/pages\/25981359","targetHints":{"allow":["GET"]}}],"collection":[{"href":"https:\/\/destileriasaldea.es\/de\/wp-json\/wp\/v2\/pages"}],"about":[{"href":"https:\/\/destileriasaldea.es\/de\/wp-json\/wp\/v2\/types\/page"}],"author":[{"embeddable":true,"href":"https:\/\/destileriasaldea.es\/de\/wp-json\/wp\/v2\/users\/1"}],"replies":[{"embeddable":true,"href":"https:\/\/destileriasaldea.es\/de\/wp-json\/wp\/v2\/comments?post=25981359"}],"version-history":[{"count":23,"href":"https:\/\/destileriasaldea.es\/de\/wp-json\/wp\/v2\/pages\/25981359\/revisions"}],"predecessor-version":[{"id":25981928,"href":"https:\/\/destileriasaldea.es\/de\/wp-json\/wp\/v2\/pages\/25981359\/revisions\/25981928"}],"wp:attachment":[{"href":"https:\/\/destileriasaldea.es\/de\/wp-json\/wp\/v2\/media?parent=25981359"}],"curies":[{"name":"wp","href":"https:\/\/api.w.org\/{rel}","templated":true}]}}