{"id":25981692,"date":"2024-03-14T21:06:43","date_gmt":"2024-03-14T21:06:43","guid":{"rendered":"https:\/\/destileriasaldea.es\/single-cask-don-jose"},"modified":"2025-11-06T13:52:30","modified_gmt":"2025-11-06T13:52:30","slug":"single-cask-don-jose","status":"publish","type":"page","link":"https:\/\/destileriasaldea.es\/de\/single-cask-don-jose","title":{"rendered":"Single Cask Don Jos\u00e9"},"content":{"rendered":"<p>[et_pb_section fb_built=&#8220;1&#8243; fullwidth=&#8220;on&#8220; custom_padding_last_edited=&#8220;on|phone&#8220; _builder_version=&#8220;4.27.4&#8243; _module_preset=&#8220;default&#8220; height_tablet=&#8220;&#8220; height_phone=&#8220;&#8220; height_last_edited=&#8220;on|desktop&#8220; custom_margin=&#8220;0px||||false|false&#8220; custom_padding=&#8220;||||false|false&#8220; custom_padding_tablet=&#8220;||||false|false&#8220; custom_padding_phone=&#8220;||||false|false&#8220; global_colors_info=&#8220;{}&#8220;][et_pb_fullwidth_image src=&#8220;https:\/\/destileriasaldea.es\/wp-content\/uploads\/2024\/04\/banner_don_jose_aleman.jpg&#8220; title_text=&#8220;don_jose_banner_principal_v2&#8243; _builder_version=&#8220;4.25.0&#8243; _module_preset=&#8220;default&#8220; height_tablet=&#8220;&#8220; height_phone=&#8220;&#8220; height_last_edited=&#8220;on|tablet&#8220; custom_margin=&#8220;0px||||false|false&#8220; custom_margin_tablet=&#8220;0px||||false|false&#8220; custom_margin_phone=&#8220;||||false|false&#8220; custom_margin_last_edited=&#8220;on|phone&#8220; custom_padding=&#8220;||||false|false&#8220; custom_padding_phone=&#8220;||||false|false&#8220; custom_padding_last_edited=&#8220;off|phone&#8220; global_colors_info=&#8220;{}&#8220;][\/et_pb_fullwidth_image][\/et_pb_section][et_pb_section fb_built=&#8220;1&#8243; _builder_version=&#8220;4.24.2&#8243; _module_preset=&#8220;default&#8220; background_color=&#8220;#000000&#8243; use_background_color_gradient=&#8220;on&#8220; background_color_gradient_stops=&#8220;rgba(198,154,103,0.1) 0%|rgba(198,154,103,0.1) 100%&#8220; background_image=&#8220;https:\/\/destileriasaldea.es\/wp-content\/uploads\/2024\/03\/fondo_intermedio.png&#8220; global_colors_info=&#8220;{}&#8220;][et_pb_row column_structure=&#8220;1_2,1_2&#8243; _builder_version=&#8220;4.24.2&#8243; _module_preset=&#8220;default&#8220; width=&#8220;100%&#8220; max_width=&#8220;100%&#8220; global_colors_info=&#8220;{}&#8220;][et_pb_column type=&#8220;1_2&#8243; _builder_version=&#8220;4.24.2&#8243; _module_preset=&#8220;default&#8220; custom_css_main_element=&#8220;align-self:center;&#8220; global_colors_info=&#8220;{}&#8220;][et_pb_image src=&#8220;https:\/\/destileriasaldea.es\/wp-content\/uploads\/2024\/03\/retrato_don_jose.png&#8220; align=&#8220;center&#8220; _builder_version=&#8220;4.24.3&#8243; _module_preset=&#8220;default&#8220; width=&#8220;80%&#8220; width_tablet=&#8220;70%&#8220; width_phone=&#8220;65%&#8220; width_last_edited=&#8220;on|phone&#8220; global_colors_info=&#8220;{}&#8220;][\/et_pb_image][et_pb_text _builder_version=&#8220;4.27.4&#8243; _module_preset=&#8220;default&#8220; text_font=&#8220;Antonio||||||||&#8220; text_text_color=&#8220;#FFFFFF&#8220; text_font_size=&#8220;35px&#8220; text_line_height=&#8220;1.2em&#8220; max_width=&#8220;70%&#8220; max_width_tablet=&#8220;70%&#8220; max_width_phone=&#8220;70%&#8220; max_width_last_edited=&#8220;on|desktop&#8220; module_alignment=&#8220;center&#8220; custom_margin=&#8220;||||false|false&#8220; custom_padding=&#8220;20px||20px||false|false&#8220; hover_enabled=&#8220;0&#8243; border_width_all=&#8220;1px&#8220; border_color_all=&#8220;#c79b67&#8243; global_colors_info=&#8220;{}&#8220; sticky_enabled=&#8220;0&#8243;]<\/p>\n<p style=\"text-align: center;\"><span style=\"color: #c79b67;\">0<\/span>\u00a0VON 257 FLASCHEN \u00dcBRIG<\/p>\n<p>[\/et_pb_text][et_pb_text _builder_version=&#8220;4.24.3&#8243; _module_preset=&#8220;default&#8220; text_font=&#8220;Antonio|300|||||||&#8220; text_font_size=&#8220;20px&#8220; width=&#8220;50%&#8220; width_tablet=&#8220;69%&#8220; width_phone=&#8220;83%&#8220; width_last_edited=&#8220;on|phone&#8220; module_alignment=&#8220;center&#8220; global_colors_info=&#8220;{}&#8220;]<span style=\"color: #ffffff;\">Nur in unserem Museumsshop erh\u00e4ltlich<\/span><\/p>\n<p><span style=\"color: #ffffff;\">F\u00fcr weitere Informationen:<\/span> <a href=\"mailto:museo@destileriasaldea.es\">museo@destileriasaldea.es<\/a>[\/et_pb_text][\/et_pb_column][et_pb_column type=&#8220;1_2&#8243; _builder_version=&#8220;4.24.2&#8243; _module_preset=&#8220;default&#8220; global_colors_info=&#8220;{}&#8220;][et_pb_image src=&#8220;https:\/\/destileriasaldea.es\/wp-content\/uploads\/2024\/04\/15_barricas_aleman.png&#8220; _builder_version=&#8220;4.25.0&#8243; _module_preset=&#8220;default&#8220; width_tablet=&#8220;&#8220; width_phone=&#8220;90%&#8220; width_last_edited=&#8220;on|phone&#8220; custom_margin=&#8220;||||false|false&#8220; custom_padding=&#8220;|||18vh|false|false&#8220; custom_padding_tablet=&#8220;|||3vh|false|false&#8220; custom_padding_phone=&#8220;|||4vh|false|false&#8220; custom_padding_last_edited=&#8220;on|phone&#8220; global_colors_info=&#8220;{}&#8220;][\/et_pb_image][et_pb_text _builder_version=&#8220;4.24.3&#8243; _module_preset=&#8220;default&#8220; text_font=&#8220;Georgia Aldea||||||||&#8220; text_text_color=&#8220;#FFFFFF&#8220; text_font_size=&#8220;24px&#8220; text_line_height=&#8220;1.2em&#8220; text_orientation=&#8220;justified&#8220; width=&#8220;70%&#8220; width_tablet=&#8220;96%&#8220; width_phone=&#8220;96%&#8220; width_last_edited=&#8220;on|phone&#8220; module_alignment=&#8220;center&#8220; custom_padding=&#8220;|30px||30px|false|true&#8220; text_font_size_tablet=&#8220;24px&#8220; text_font_size_phone=&#8220;20px&#8220; text_font_size_last_edited=&#8220;on|phone&#8220; global_colors_info=&#8220;{}&#8220;]<\/p>\n<p>Der Geist unserer Familie und die Vision unseres Vaters, vereint in einem einzigartigen Rum.<\/p>\n<p>Im Laufe seines Lebens w\u00e4hlte Herr Jos\u00e9 Quevedo, Rummeister der dritten Generation bei Destiler\u00edas Aldea, bei jeder Ernte sorgf\u00e4ltig 15 au\u00dfergew\u00f6hnliche F\u00e4sser aus, jedes aufgrund seiner Herkunft und seines fr\u00fcheren Lebens etwas Besonderes. 15 F\u00e4sser zum Mei\u00dfeln, nach und nach au\u00dfergew\u00f6hnliche Fl\u00fcssigkeiten, gen\u00e4hrt von Eichenholz, Wein, Brandy und Salpeter.<\/p>\n<p>Vor mehr als 20 Jahren erblickte Herr Jos\u00e9 die Einzigartigkeit charakteristischer Rumsorten, die nur aus Rum aus frischem Zuckerrohrsaft hergestellt und w\u00e4hrend ihrer gesamten Lebensdauer in einem einzigen Fass gereift wurden, aber auch von den sanften Alisios-Winden und dem tapferen Atlantik, der auf sie trifft, durchdrungen wurden am Fu\u00dfe der Klippe, wo sich unsere Brennerei befindet.<\/p>\n<p>[\/et_pb_text][et_pb_image src=&#8220;https:\/\/destileriasaldea.es\/wp-content\/uploads\/2024\/03\/Asset-8.png&#8220; align=&#8220;center&#8220; align_tablet=&#8220;center&#8220; align_phone=&#8220;center&#8220; align_last_edited=&#8220;on|desktop&#8220; _builder_version=&#8220;4.24.2&#8243; _module_preset=&#8220;default&#8220; global_colors_info=&#8220;{}&#8220;][\/et_pb_image][\/et_pb_column][\/et_pb_row][\/et_pb_section][et_pb_section fb_built=&#8220;1&#8243; _builder_version=&#8220;4.24.2&#8243; _module_preset=&#8220;default&#8220; background_color=&#8220;#000000&#8243; custom_margin=&#8220;0px||||false|false&#8220; custom_padding=&#8220;0px||||false|false&#8220; global_colors_info=&#8220;{}&#8220;][et_pb_row column_structure=&#8220;1_2,1_2&#8243; make_equal=&#8220;on&#8220; _builder_version=&#8220;4.24.2&#8243; _module_preset=&#8220;default&#8220; width=&#8220;90%&#8220; width_tablet=&#8220;90%&#8220; width_phone=&#8220;100%&#8220; width_last_edited=&#8220;on|phone&#8220; max_width=&#8220;100%&#8220; global_colors_info=&#8220;{}&#8220;][et_pb_column type=&#8220;1_2&#8243; _builder_version=&#8220;4.24.2&#8243; _module_preset=&#8220;default&#8220; custom_css_main_element=&#8220;align-self:center;&#8220; global_colors_info=&#8220;{}&#8220;][et_pb_text _builder_version=&#8220;4.24.3&#8243; _module_preset=&#8220;default&#8220; text_font=&#8220;Euphorigenic||||||||&#8220; text_text_color=&#8220;#c69a67&#8243; text_font_size=&#8220;45px&#8220; text_line_height=&#8220;1.2em&#8220; text_orientation=&#8220;center&#8220; width_tablet=&#8220;&#8220; width_phone=&#8220;80%&#8220; width_last_edited=&#8220;on|phone&#8220; module_alignment=&#8220;center&#8220; global_colors_info=&#8220;{}&#8220;]<\/p>\n<p>UNSER ERSTES EINZELFASS<\/p>\n<p>[\/et_pb_text][et_pb_text _builder_version=&#8220;4.24.3&#8243; _module_preset=&#8220;default&#8220; text_font=&#8220;Georgia Aldea||||||||&#8220; text_text_color=&#8220;#FFFFFF&#8220; text_font_size=&#8220;24px&#8220; text_line_height=&#8220;1.2em&#8220; text_orientation=&#8220;justified&#8220; width=&#8220;75%&#8220; width_tablet=&#8220;75%&#8220; width_phone=&#8220;96%&#8220; width_last_edited=&#8220;on|desktop&#8220; module_alignment=&#8220;center&#8220; custom_padding=&#8220;|30px||30px|false|true&#8220; text_font_size_tablet=&#8220;24px&#8220; text_font_size_phone=&#8220;20px&#8220; text_font_size_last_edited=&#8220;on|phone&#8220; global_colors_info=&#8220;{}&#8220;]<\/p>\n<p>Wir pr\u00e4sentieren stolz das erste SINGLE CASK aus unserer Brennerei: DON JOS\u00c9. Eine limitierte Auflage als Hommage an die Meisterschaft unseres Vaters, sorgf\u00e4ltig abgef\u00fcllt in 257 einzigartigen Flaschen. Eine au\u00dfergew\u00f6hnliche Fl\u00fcssigkeit, die 20 Jahre lang in einem hellen Eichenfass ruhte, in dem fr\u00fcher Rotweine reiften, wodurch ein ungew\u00f6hnlicher Rum entstand.<\/p>\n<p>[\/et_pb_text][\/et_pb_column][et_pb_column type=&#8220;1_2&#8243; _builder_version=&#8220;4.24.2&#8243; _module_preset=&#8220;default&#8220; global_colors_info=&#8220;{}&#8220;][et_pb_image src=&#8220;https:\/\/destileriasaldea.es\/wp-content\/uploads\/2024\/03\/cask_y_sello_20.png&#8220; _builder_version=&#8220;4.24.2&#8243; _module_preset=&#8220;default&#8220; global_colors_info=&#8220;{}&#8220;][\/et_pb_image][\/et_pb_column][\/et_pb_row][et_pb_row column_structure=&#8220;1_3,2_3&#8243; use_custom_gutter=&#8220;on&#8220; gutter_width=&#8220;1&#8243; make_equal=&#8220;on&#8220; _builder_version=&#8220;4.24.2&#8243; _module_preset=&#8220;default&#8220; width=&#8220;90%&#8220; max_width=&#8220;1920px&#8220; custom_margin=&#8220;0px||||false|false&#8220; custom_padding=&#8220;0px||||false|false&#8220; global_colors_info=&#8220;{}&#8220;][et_pb_column type=&#8220;1_3&#8243; _builder_version=&#8220;4.24.2&#8243; _module_preset=&#8220;default&#8220; global_colors_info=&#8220;{}&#8220;][\/et_pb_column][et_pb_column type=&#8220;2_3&#8243; _builder_version=&#8220;4.24.2&#8243; _module_preset=&#8220;default&#8220; global_colors_info=&#8220;{}&#8220;][et_pb_text _builder_version=&#8220;4.24.3&#8243; _module_preset=&#8220;default&#8220; text_font=&#8220;Georgia Aldea||||||||&#8220; text_text_color=&#8220;#c69a67&#8243; text_font_size=&#8220;37.4px&#8220; text_line_height=&#8220;1.2em&#8220; custom_margin=&#8220;||||false|false&#8220; custom_padding=&#8220;||25px||false|false&#8220; custom_padding_tablet=&#8220;||25px||false|false&#8220; custom_padding_phone=&#8220;||25px||false|false&#8220; custom_padding_last_edited=&#8220;on|phone&#8220; text_font_size_tablet=&#8220;37.4px&#8220; text_font_size_phone=&#8220;30px&#8220; text_font_size_last_edited=&#8220;on|phone&#8220; global_colors_info=&#8220;{}&#8220;]<\/p>\n<p style=\"text-align: left;\">EIN PAAR TROPFEN DON JOS\u00c9<\/p>\n<p>[\/et_pb_text][et_pb_text content_tablet=&#8220;<\/p>\n<p>Seine attraktive Kupferfarbe mit mahagonifarbenen Reflexen ist der Auftakt zu einer beeindruckenden Darstellung von Aromen und Geschmacksrichtungen, die Sie nicht gleichg\u00fcltig lassen wird.<\/p>\n<p>&#8220; content_phone=&#8220;<\/p>\n<p style=%22text-align: left;%22>Seine attraktive Kupferfarbe mit mahagonifarbenen Reflexen ist der Auftakt zu einer beeindruckenden Darstellung von Aromen und Geschmacksrichtungen, die Sie nicht gleichg\u00fcltig lassen wird.<\/p>\n<p>&#8220; content_last_edited=&#8220;on|phone&#8220; _builder_version=&#8220;4.24.3&#8243; _module_preset=&#8220;default&#8220; text_font=&#8220;Georgia Aldea||||||||&#8220; text_text_color=&#8220;#FFFFFF&#8220; text_font_size=&#8220;24px&#8220; text_line_height=&#8220;1.2em&#8220; text_orientation=&#8220;justified&#8220; text_font_size_tablet=&#8220;24px&#8220; text_font_size_phone=&#8220;20px&#8220; text_font_size_last_edited=&#8220;on|phone&#8220; global_colors_info=&#8220;{}&#8220;]<\/p>\n<p>Seine attraktive Kupferfarbe mit mahagonifarbenen Reflexen ist der Auftakt zu einer beeindruckenden Darstellung von Aromen und Geschmacksrichtungen, die Sie nicht gleichg\u00fcltig lassen wird.<\/p>\n<p>[\/et_pb_text][\/et_pb_column][\/et_pb_row][et_pb_row use_custom_gutter=&#8220;on&#8220; gutter_width=&#8220;1&#8243; make_equal=&#8220;on&#8220; _builder_version=&#8220;4.24.2&#8243; _module_preset=&#8220;default&#8220; width=&#8220;90%&#8220; max_width=&#8220;1920px&#8220; custom_margin=&#8220;||||false|false&#8220; custom_padding=&#8220;0px||0px||false|false&#8220; global_colors_info=&#8220;{}&#8220;][et_pb_column type=&#8220;4_4&#8243; _builder_version=&#8220;4.24.2&#8243; _module_preset=&#8220;default&#8220; global_colors_info=&#8220;{}&#8220;][et_pb_divider divider_weight=&#8220;2px&#8220; _builder_version=&#8220;4.24.2&#8243; _module_preset=&#8220;default&#8220; max_width=&#8220;1920px&#8220; global_colors_info=&#8220;{}&#8220;][\/et_pb_divider][\/et_pb_column][\/et_pb_row][et_pb_row column_structure=&#8220;1_3,2_3&#8243; use_custom_gutter=&#8220;on&#8220; gutter_width=&#8220;1&#8243; make_equal=&#8220;on&#8220; _builder_version=&#8220;4.24.2&#8243; _module_preset=&#8220;default&#8220; width=&#8220;90%&#8220; max_width=&#8220;1920px&#8220; custom_margin=&#8220;0px||||false|false&#8220; custom_padding=&#8220;0px||||false|false&#8220; global_colors_info=&#8220;{}&#8220;][et_pb_column type=&#8220;1_3&#8243; _builder_version=&#8220;4.24.2&#8243; _module_preset=&#8220;default&#8220; global_colors_info=&#8220;{}&#8220;][et_pb_text _builder_version=&#8220;4.24.3&#8243; _module_preset=&#8220;default&#8220; text_font=&#8220;Georgia Aldea||||||||&#8220; text_text_color=&#8220;#c69a67&#8243; text_font_size=&#8220;37.4px&#8220; custom_margin=&#8220;||||false|false&#8220; custom_padding=&#8220;||25px||false|false&#8220; custom_padding_tablet=&#8220;||25px||false|false&#8220; custom_padding_phone=&#8220;||25px||false|false&#8220; custom_padding_last_edited=&#8220;on|phone&#8220; text_font_size_tablet=&#8220;37.4px&#8220; text_font_size_phone=&#8220;30px&#8220; text_font_size_last_edited=&#8220;on|phone&#8220; global_colors_info=&#8220;{}&#8220;]<\/p>\n<p>NASE<\/p>\n<p>[\/et_pb_text][\/et_pb_column][et_pb_column type=&#8220;2_3&#8243; _builder_version=&#8220;4.24.2&#8243; _module_preset=&#8220;default&#8220; global_colors_info=&#8220;{}&#8220;][et_pb_text content_tablet=&#8220;<\/p>\n<p>Es offenbart sich ein fesselndes Aroma von ger\u00f6stetem Karamell, cremiger Vanille und rauchiger Eiche, mit subtilen Noten von reifen tropischen Fr\u00fcchten und warmen Gew\u00fcrzen.<\/p>\n<p>&#8220; content_phone=&#8220;<\/p>\n<p style=%22text-align: left;%22>Es offenbart sich ein fesselndes Aroma von ger\u00f6stetem Karamell, cremiger Vanille und rauchiger Eiche, mit subtilen Noten von reifen tropischen Fr\u00fcchten und warmen Gew\u00fcrzen.<\/p>\n<p>&#8220; content_last_edited=&#8220;on|phone&#8220; _builder_version=&#8220;4.24.3&#8243; _module_preset=&#8220;default&#8220; text_font=&#8220;Georgia Aldea||||||||&#8220; text_text_color=&#8220;#FFFFFF&#8220; text_font_size=&#8220;24px&#8220; text_line_height=&#8220;1.2em&#8220; text_orientation=&#8220;justified&#8220; custom_padding=&#8220;||||false|false&#8220; text_font_size_tablet=&#8220;24px&#8220; text_font_size_phone=&#8220;20px&#8220; text_font_size_last_edited=&#8220;on|phone&#8220; global_colors_info=&#8220;{}&#8220;]<\/p>\n<p>Es offenbart sich ein fesselndes Aroma von ger\u00f6stetem Karamell, cremiger Vanille und rauchiger Eiche, mit subtilen Noten von reifen tropischen Fr\u00fcchten und warmen Gew\u00fcrzen.<\/p>\n<p>[\/et_pb_text][\/et_pb_column][\/et_pb_row][et_pb_row use_custom_gutter=&#8220;on&#8220; gutter_width=&#8220;1&#8243; make_equal=&#8220;on&#8220; _builder_version=&#8220;4.24.2&#8243; _module_preset=&#8220;default&#8220; width=&#8220;90%&#8220; max_width=&#8220;1920px&#8220; custom_margin=&#8220;||||false|false&#8220; custom_padding=&#8220;0px||0px||false|false&#8220; global_colors_info=&#8220;{}&#8220;][et_pb_column type=&#8220;4_4&#8243; _builder_version=&#8220;4.24.2&#8243; _module_preset=&#8220;default&#8220; global_colors_info=&#8220;{}&#8220;][et_pb_divider divider_weight=&#8220;2px&#8220; _builder_version=&#8220;4.24.2&#8243; _module_preset=&#8220;default&#8220; max_width=&#8220;1920px&#8220; global_colors_info=&#8220;{}&#8220;][\/et_pb_divider][\/et_pb_column][\/et_pb_row][et_pb_row column_structure=&#8220;1_3,2_3&#8243; use_custom_gutter=&#8220;on&#8220; gutter_width=&#8220;1&#8243; make_equal=&#8220;on&#8220; _builder_version=&#8220;4.24.2&#8243; _module_preset=&#8220;default&#8220; width=&#8220;90%&#8220; max_width=&#8220;1920px&#8220; custom_margin=&#8220;0px||||false|false&#8220; custom_padding=&#8220;0px||||false|false&#8220; global_colors_info=&#8220;{}&#8220;][et_pb_column type=&#8220;1_3&#8243; _builder_version=&#8220;4.24.2&#8243; _module_preset=&#8220;default&#8220; global_colors_info=&#8220;{}&#8220;][et_pb_text _builder_version=&#8220;4.24.2&#8243; _module_preset=&#8220;default&#8220; text_font=&#8220;Georgia Aldea||||||||&#8220; text_text_color=&#8220;#c69a67&#8243; text_font_size=&#8220;37.4px&#8220; custom_margin=&#8220;||||false|false&#8220; custom_padding=&#8220;||25px||false|false&#8220; custom_padding_tablet=&#8220;||25px||false|false&#8220; custom_padding_phone=&#8220;||25px||false|false&#8220; custom_padding_last_edited=&#8220;on|phone&#8220; text_font_size_tablet=&#8220;37.4px&#8220; text_font_size_phone=&#8220;30px&#8220; text_font_size_last_edited=&#8220;on|phone&#8220; global_colors_info=&#8220;{}&#8220;]<\/p>\n<p>MUND<\/p>\n<p>[\/et_pb_text][\/et_pb_column][et_pb_column type=&#8220;2_3&#8243; _builder_version=&#8220;4.24.2&#8243; _module_preset=&#8220;default&#8220; global_colors_info=&#8220;{}&#8220;][et_pb_text content_tablet=&#8220;<\/p>\n<p>Eine seidige und reichhaltige Textur, die den Gaumen mit komplexen Aromen von Karamell, dunkler Schokolade und Rosinen umh\u00fcllt, auf einem Hintergrund aus reichen Nuancen von Muskatnuss, Zimt und einem Hauch von ger\u00f6stetem Kaffee auf einem Bett aus Balsamico-Noten, perfekt integriert und ausgewogen.<\/p>\n<p>&#8220; content_phone=&#8220;<\/p>\n<p>Eine seidige und reichhaltige Textur, die den Gaumen mit komplexen Aromen von Karamell, dunkler Schokolade und Rosinen umh\u00fcllt, auf einem Hintergrund aus reichen Nuancen von Muskatnuss, Zimt und einem Hauch von ger\u00f6stetem Kaffee auf einem Bett aus Balsamico-Noten, perfekt integriert und ausgewogen.<\/p>\n<p>&#8220; content_last_edited=&#8220;on|phone&#8220; _builder_version=&#8220;4.24.3&#8243; _module_preset=&#8220;default&#8220; text_font=&#8220;Georgia Aldea||||||||&#8220; text_text_color=&#8220;#FFFFFF&#8220; text_font_size=&#8220;24px&#8220; text_line_height=&#8220;1.2em&#8220; text_orientation=&#8220;justified&#8220; text_font_size_tablet=&#8220;24px&#8220; text_font_size_phone=&#8220;20px&#8220; text_font_size_last_edited=&#8220;on|phone&#8220; global_colors_info=&#8220;{}&#8220;]<\/p>\n<p>Eine seidige und reichhaltige Textur, die den Gaumen mit komplexen Aromen von Karamell, dunkler Schokolade und Rosinen umh\u00fcllt, auf einem Hintergrund aus reichen Nuancen von Muskatnuss, Zimt und einem Hauch von ger\u00f6stetem Kaffee auf einem Bett aus Balsamico-Noten, perfekt integriert und ausgewogen.<\/p>\n<p>[\/et_pb_text][\/et_pb_column][\/et_pb_row][et_pb_row use_custom_gutter=&#8220;on&#8220; gutter_width=&#8220;1&#8243; make_equal=&#8220;on&#8220; _builder_version=&#8220;4.24.2&#8243; _module_preset=&#8220;default&#8220; width=&#8220;90%&#8220; max_width=&#8220;1920px&#8220; custom_margin=&#8220;||||false|false&#8220; custom_padding=&#8220;0px||0px||false|false&#8220; global_colors_info=&#8220;{}&#8220;][et_pb_column type=&#8220;4_4&#8243; _builder_version=&#8220;4.24.2&#8243; _module_preset=&#8220;default&#8220; global_colors_info=&#8220;{}&#8220;][et_pb_divider divider_weight=&#8220;2px&#8220; _builder_version=&#8220;4.24.2&#8243; _module_preset=&#8220;default&#8220; max_width=&#8220;1920px&#8220; global_colors_info=&#8220;{}&#8220;][\/et_pb_divider][\/et_pb_column][\/et_pb_row][et_pb_row column_structure=&#8220;1_3,2_3&#8243; use_custom_gutter=&#8220;on&#8220; gutter_width=&#8220;1&#8243; make_equal=&#8220;on&#8220; _builder_version=&#8220;4.24.2&#8243; _module_preset=&#8220;default&#8220; width=&#8220;90%&#8220; max_width=&#8220;1920px&#8220; custom_margin=&#8220;0px||||false|false&#8220; custom_padding=&#8220;0px||||false|false&#8220; global_colors_info=&#8220;{}&#8220;][et_pb_column type=&#8220;1_3&#8243; _builder_version=&#8220;4.24.2&#8243; _module_preset=&#8220;default&#8220; global_colors_info=&#8220;{}&#8220;][et_pb_text _builder_version=&#8220;4.24.2&#8243; _module_preset=&#8220;default&#8220; text_font=&#8220;Georgia Aldea||||||||&#8220; text_text_color=&#8220;#c69a67&#8243; text_font_size=&#8220;37.4px&#8220; custom_margin=&#8220;||||false|false&#8220; custom_padding=&#8220;||25px||false|false&#8220; custom_padding_tablet=&#8220;||25px||false|false&#8220; custom_padding_phone=&#8220;||25px||false|false&#8220; custom_padding_last_edited=&#8220;on|phone&#8220; text_font_size_tablet=&#8220;37.4px&#8220; text_font_size_phone=&#8220;30px&#8220; text_font_size_last_edited=&#8220;on|phone&#8220; global_colors_info=&#8220;{}&#8220;]<\/p>\n<p>FINALE<\/p>\n<p>[\/et_pb_text][\/et_pb_column][et_pb_column type=&#8220;2_3&#8243; _builder_version=&#8220;4.24.2&#8243; _module_preset=&#8220;default&#8220; global_colors_info=&#8220;{}&#8220;][et_pb_text content_tablet=&#8220;<\/p>\n<p>Langanhaltend, weich und schmackhaft, hinterl\u00e4sst ein warmes, anhaltendes und befriedigendes Gef\u00fchl am Gaumen, bei dem erneut Erinnerungen an verbranntes Karamell und kandierte Fr\u00fcchte wach werden.<\/p>\n<p>&#8220; content_phone=&#8220;<\/p>\n<p style=%22text-align: left;%22>Langanhaltend, weich und schmackhaft, hinterl\u00e4sst ein warmes, anhaltendes und befriedigendes Gef\u00fchl am Gaumen, bei dem erneut Erinnerungen an verbranntes Karamell und kandierte Fr\u00fcchte wach werden.<\/p>\n<p>&#8220; content_last_edited=&#8220;on|phone&#8220; _builder_version=&#8220;4.24.3&#8243; _module_preset=&#8220;default&#8220; text_font=&#8220;Georgia Aldea||||||||&#8220; text_text_color=&#8220;#FFFFFF&#8220; text_font_size=&#8220;24px&#8220; text_line_height=&#8220;1.2em&#8220; text_orientation=&#8220;justified&#8220; text_font_size_tablet=&#8220;24px&#8220; text_font_size_phone=&#8220;20px&#8220; text_font_size_last_edited=&#8220;on|phone&#8220; global_colors_info=&#8220;{}&#8220;]<\/p>\n<p>Langanhaltend, weich und schmackhaft, hinterl\u00e4sst ein warmes, anhaltendes und befriedigendes Gef\u00fchl am Gaumen, bei dem erneut Erinnerungen an verbranntes Karamell und kandierte Fr\u00fcchte wach werden.<\/p>\n<p>[\/et_pb_text][\/et_pb_column][\/et_pb_row][\/et_pb_section]<\/p>\n","protected":false},"excerpt":{"rendered":"<p>0\u00a0VON 257 FLASCHEN \u00dcBRIGNur in unserem Museumsshop erh\u00e4ltlich F\u00fcr weitere Informationen: museo@destileriasaldea.esDer Geist unserer Familie und die Vision unseres Vaters, vereint in einem einzigartigen Rum. Im Laufe seines Lebens w\u00e4hlte Herr Jos\u00e9 Quevedo, Rummeister der dritten Generation bei Destiler\u00edas Aldea, bei jeder Ernte sorgf\u00e4ltig 15 au\u00dfergew\u00f6hnliche F\u00e4sser aus, jedes aufgrund seiner Herkunft und seines fr\u00fcheren [&hellip;]<\/p>\n","protected":false},"author":1,"featured_media":0,"parent":0,"menu_order":0,"comment_status":"closed","ping_status":"closed","template":"","meta":{"_et_pb_use_builder":"on","_et_pb_old_content":"","_et_gb_content_width":"","footnotes":""},"class_list":["post-25981692","page","type-page","status-publish","hentry"],"_links":{"self":[{"href":"https:\/\/destileriasaldea.es\/de\/wp-json\/wp\/v2\/pages\/25981692","targetHints":{"allow":["GET"]}}],"collection":[{"href":"https:\/\/destileriasaldea.es\/de\/wp-json\/wp\/v2\/pages"}],"about":[{"href":"https:\/\/destileriasaldea.es\/de\/wp-json\/wp\/v2\/types\/page"}],"author":[{"embeddable":true,"href":"https:\/\/destileriasaldea.es\/de\/wp-json\/wp\/v2\/users\/1"}],"replies":[{"embeddable":true,"href":"https:\/\/destileriasaldea.es\/de\/wp-json\/wp\/v2\/comments?post=25981692"}],"version-history":[{"count":15,"href":"https:\/\/destileriasaldea.es\/de\/wp-json\/wp\/v2\/pages\/25981692\/revisions"}],"predecessor-version":[{"id":25982948,"href":"https:\/\/destileriasaldea.es\/de\/wp-json\/wp\/v2\/pages\/25981692\/revisions\/25982948"}],"wp:attachment":[{"href":"https:\/\/destileriasaldea.es\/de\/wp-json\/wp\/v2\/media?parent=25981692"}],"curies":[{"name":"wp","href":"https:\/\/api.w.org\/{rel}","templated":true}]}}