{"id":25981231,"date":"2024-02-05T23:01:16","date_gmt":"2024-02-05T23:01:16","guid":{"rendered":"https:\/\/destileriasaldea.es\/contact"},"modified":"2024-05-09T22:53:07","modified_gmt":"2024-05-09T22:53:07","slug":"contact","status":"publish","type":"page","link":"https:\/\/destileriasaldea.es\/en\/contact","title":{"rendered":"CONTACT"},"content":{"rendered":"<p>[et_pb_section fb_built=&#8221;1&#8243; _builder_version=&#8221;4.24.2&#8243; _module_preset=&#8221;default&#8221; background_color=&#8221;#000000&#8243; background_image=&#8221;https:\/\/destileriasaldea.es\/wp-content\/uploads\/2024\/02\/Palmera.png&#8221; background_size=&#8221;initial&#8221; background_position=&#8221;bottom_right&#8221; background_horizontal_offset=&#8221;20%&#8221; custom_margin=&#8221;75px||||false|false&#8221; custom_margin_tablet=&#8221;75px||||false|false&#8221; custom_margin_phone=&#8221;|0px||0px|false|false&#8221; custom_margin_last_edited=&#8221;on|phone&#8221; background_last_edited=&#8221;on|phone&#8221; background_blend_phone=&#8221;luminosity&#8221; global_colors_info=&#8221;{}&#8221;][et_pb_row use_custom_gutter=&#8221;on&#8221; gutter_width=&#8221;1&#8243; make_equal=&#8221;on&#8221; custom_padding_last_edited=&#8221;on|phone&#8221; _builder_version=&#8221;4.24.2&#8243; _module_preset=&#8221;default&#8221; width=&#8221;50%&#8221; width_tablet=&#8221;50%&#8221; width_phone=&#8221;50%&#8221; width_last_edited=&#8221;on|phone&#8221; module_alignment=&#8221;left&#8221; custom_margin=&#8221;||||false|false&#8221; custom_padding=&#8221;50px||||false|false&#8221; custom_padding_tablet=&#8221;50px||||false|false&#8221; custom_padding_phone=&#8221;25px||||false|false&#8221; locked=&#8221;off&#8221; global_colors_info=&#8221;{}&#8221;][et_pb_column type=&#8221;4_4&#8243; _builder_version=&#8221;4.23.1&#8243; _module_preset=&#8221;default&#8221; global_colors_info=&#8221;{}&#8221;][et_pb_text _builder_version=&#8221;4.24.0&#8243; _dynamic_attributes=&#8221;link_option_url&#8221; _module_preset=&#8221;default&#8221; text_font=&#8221;Antonio|700|||||||&#8221; text_text_color=&#8221;#c79b67&#8243; text_font_size=&#8221;30px&#8221; width=&#8221;20%&#8221; width_tablet=&#8221;35%&#8221; width_phone=&#8221;55%&#8221; width_last_edited=&#8221;on|phone&#8221; custom_padding=&#8221;||15px|25px|false|false&#8221; custom_padding_tablet=&#8221;||10px||false|false&#8221; custom_padding_phone=&#8221;||5px||false|false&#8221; custom_padding_last_edited=&#8221;on|phone&#8221; link_option_url=&#8221;@ET-DC@eyJkeW5hbWljIjp0cnVlLCJjb250ZW50IjoicG9zdF9saW5rX3VybF9wYWdlIiwic2V0dGluZ3MiOnsicG9zdF9pZCI6IjEzMyJ9fQ==@&#8221; text_font_size_tablet=&#8221;25px&#8221; text_font_size_phone=&#8221;20px&#8221; text_font_size_last_edited=&#8221;on|desktop&#8221; border_color_all=&#8221;#c79b67&#8243; border_width_bottom=&#8221;2px&#8221; global_colors_info=&#8221;{}&#8221;]<\/p>\n<p>CONTACT<\/p>\n<p>[\/et_pb_text][\/et_pb_column][\/et_pb_row][et_pb_row column_structure=&#8221;1_2,1_2&#8243; use_custom_gutter=&#8221;on&#8221; gutter_width=&#8221;1&#8243; make_equal=&#8221;on&#8221; _builder_version=&#8221;4.24.2&#8243; _module_preset=&#8221;default&#8221; width=&#8221;50%&#8221; width_tablet=&#8221;80%&#8221; width_phone=&#8221;90%&#8221; width_last_edited=&#8221;on|phone&#8221; module_alignment=&#8221;center&#8221; global_colors_info=&#8221;{}&#8221;][et_pb_column type=&#8221;1_2&#8243; _builder_version=&#8221;4.23.4&#8243; _module_preset=&#8221;default&#8221; global_colors_info=&#8221;{}&#8221;][et_pb_text _builder_version=&#8221;4.24.0&#8243; _module_preset=&#8221;default&#8221; text_font=&#8221;Antonio||||||||&#8221; text_text_color=&#8221;#c79b67&#8243; text_font_size=&#8221;30px&#8221; global_colors_info=&#8221;{}&#8221;]FIND US:[\/et_pb_text][et_pb_text _builder_version=&#8221;4.24.0&#8243; _module_preset=&#8221;default&#8221; text_font=&#8221;Antonio||||||||&#8221; text_text_color=&#8221;#FFFFFF&#8221; text_font_size=&#8221;22px&#8221; text_line_height=&#8221;1.8em&#8221; custom_padding=&#8221;20px||||false|false&#8221; global_colors_info=&#8221;{}&#8221;]Camino el Melonar, 19<br \/>\n38729 Charco Azul<br \/>\nLa Palma Island[\/et_pb_text][et_pb_text _builder_version=&#8221;4.24.0&#8243; _module_preset=&#8221;default&#8221; text_font=&#8221;Antonio||||||||&#8221; text_text_color=&#8221;#c79b67&#8243; text_font_size=&#8221;30px&#8221; custom_padding=&#8221;40px||||false|false&#8221; global_colors_info=&#8221;{}&#8221;]WRITE TO US:[\/et_pb_text][\/et_pb_column][et_pb_column type=&#8221;1_2&#8243; _builder_version=&#8221;4.23.4&#8243; _module_preset=&#8221;default&#8221; global_colors_info=&#8221;{}&#8221;][et_pb_image src=&#8221;https:\/\/destileriasaldea.es\/wp-content\/uploads\/2024\/02\/mapa_contacto-80.jpg&#8221; url=&#8221;https:\/\/maps.app.goo.gl\/PejAdnBbGWXzc78t5&#8243; url_new_window=&#8221;on&#8221; align=&#8221;center&#8221; _builder_version=&#8221;4.24.2&#8243; _module_preset=&#8221;default&#8221; module_alignment=&#8221;center&#8221; max_height=&#8221;185px&#8221; max_height_tablet=&#8221;185px&#8221; max_height_phone=&#8221;185px&#8221; max_height_last_edited=&#8221;on|phone&#8221; custom_margin=&#8221;|||-49px|false|false&#8221; custom_padding=&#8221;40px||||false|false&#8221; custom_padding_tablet=&#8221;40px||||false|false&#8221; custom_padding_phone=&#8221;40px||||false|false&#8221; custom_padding_last_edited=&#8221;on|desktop&#8221; global_colors_info=&#8221;{}&#8221;][\/et_pb_image][\/et_pb_column][\/et_pb_row][et_pb_row custom_padding_last_edited=&#8221;on|desktop&#8221; _builder_version=&#8221;4.24.1&#8243; _module_preset=&#8221;default&#8221; width=&#8221;50%&#8221; width_tablet=&#8221;80%&#8221; width_phone=&#8221;90%&#8221; width_last_edited=&#8221;on|tablet&#8221; max_width=&#8221;1920px&#8221; module_alignment=&#8221;center&#8221; custom_margin=&#8221;||||false|false&#8221; custom_padding=&#8221;|||60px|false|false&#8221; custom_padding_tablet=&#8221;|||60px|false|false&#8221; custom_padding_phone=&#8221;|||30px|false|false&#8221; border_width_all=&#8221;3px&#8221; border_color_all=&#8221;#FFFFFF&#8221; global_colors_info=&#8221;{}&#8221;][et_pb_column type=&#8221;4_4&#8243; _builder_version=&#8221;4.24.0&#8243; _module_preset=&#8221;default&#8221; global_colors_info=&#8221;{}&#8221;][et_pb_contact_form use_spam_service=&#8221;on&#8221; recaptcha_list=&#8221;Nueva Web Aldea|Nueva Web Aldea-0&#8243; email=&#8221;ronaldea@destileriasaldea.es&#8221; custom_message=&#8221;Formulario de Reserva Visita al Museo, enviado desde la web de Destilerias Aldea, S.A.||et_pb_line_break_holder||||et_pb_line_break_holder||Nombre: %%name%%||et_pb_line_break_holder||Email solicitante: %%email%%||et_pb_line_break_holder||N\u00famero de Tel\u00e9fono: %%telefono%%||et_pb_line_break_holder||Fecha de su visita: %%fecha%%||et_pb_line_break_holder||Idioma de la visita: %%idioma_de_visita_lunes_a_viernes%% %%idioma_de_visita_fin_de_semana%%||et_pb_line_break_holder||Horario de su visita: %%horario_visita_semanal%% %%horario_Ingles_aleman%% %%horario_aleman%% %%horario_espanol_finde%% %%horario_ingles_finde%%||et_pb_line_break_holder||\u00bfTienes un c\u00f3digo de descuento? %%codigo%%||et_pb_line_break_holder||C\u00f3digo introducido: %%codigo_valido%%||et_pb_line_break_holder||N\u00famero de Visitantes: %%visitantes%%||et_pb_line_break_holder||Mensaje: %%Message%%||et_pb_line_break_holder||||et_pb_line_break_holder||Nota importante: %%Mensaje_Codigo_Descuento%%&#8221; success_message=&#8221;Form submitted successfully. &#8221; submit_button_text=&#8221;SEND&#8221; disabled_on=&#8221;off|off|off&#8221; admin_label=&#8221;Contacto prueba v2&#8243; module_id=&#8221;Divi DateTime Picker&#8221; _builder_version=&#8221;4.24.2&#8243; _module_preset=&#8221;default&#8221; _unique_id=&#8221;ef6e423d-e0fb-4c3a-b5d4-8c13195029d0&#8243; form_field_background_color=&#8221;rgba(255,255,255,0)&#8221; form_field_text_color=&#8221;#FFFFFF&#8221; form_field_focus_background_color=&#8221;#FFFFFF&#8221; form_field_focus_text_color=&#8221;#FFFFFF&#8221; title_font=&#8221;Antonio||||||||&#8221; title_text_color=&#8221;#FFFFFF&#8221; captcha_text_color=&#8221;#c79b67&#8243; captcha_font_size=&#8221;20px&#8221; captcha_letter_spacing=&#8221;-1px&#8221; form_field_font=&#8221;Arial|600|||||||&#8221; custom_button=&#8221;on&#8221; button_text_color=&#8221;#c79b67&#8243; button_bg_color=&#8221;#FFFFFF&#8221; button_border_color=&#8221;#E09900&#8243; button_font=&#8221;Antonio||||||||&#8221; max_width=&#8221;90%&#8221; module_alignment=&#8221;left&#8221; custom_margin=&#8221;||||false|false&#8221; custom_padding=&#8221;||||false|false&#8221; captcha_text_color_tablet=&#8221;#c79b67&#8243; captcha_text_color_phone=&#8221;#c79b67&#8243; captcha_text_color_last_edited=&#8221;on|desktop&#8221; captcha_font_size_tablet=&#8221;20px&#8221; captcha_font_size_phone=&#8221;20px&#8221; captcha_font_size_last_edited=&#8221;on|desktop&#8221; border_width_all=&#8221;2px&#8221; border_color_all=&#8221;#FFFFFF&#8221; locked=&#8221;off&#8221; global_colors_info=&#8221;{}&#8221; captcha_text_color__hover_enabled=&#8221;off|desktop&#8221;][et_pb_contact_field field_id=&#8221;Name&#8221; field_title=&#8221;NAME&#8221; _builder_version=&#8221;4.24.0&#8243; _module_preset=&#8221;default&#8221; form_field_background_color=&#8221;RGBA(255,255,255,0)&#8221; form_field_focus_background_color=&#8221;RGBA(255,255,255,0)&#8221; form_field_focus_text_color=&#8221;#c79b67&#8243; form_field_font=&#8221;Antonio|600|||||||&#8221; form_field_font_size=&#8221;20px&#8221; global_colors_info=&#8221;{}&#8221; button_text_size__hover_enabled=&#8221;off&#8221; button_one_text_size__hover_enabled=&#8221;off&#8221; button_two_text_size__hover_enabled=&#8221;off&#8221; button_text_color__hover_enabled=&#8221;off&#8221; button_one_text_color__hover_enabled=&#8221;off&#8221; button_two_text_color__hover_enabled=&#8221;off&#8221; button_border_width__hover_enabled=&#8221;off&#8221; button_one_border_width__hover_enabled=&#8221;off&#8221; button_two_border_width__hover_enabled=&#8221;off&#8221; button_border_color__hover_enabled=&#8221;off&#8221; button_one_border_color__hover_enabled=&#8221;off&#8221; button_two_border_color__hover_enabled=&#8221;off&#8221; button_border_radius__hover_enabled=&#8221;off&#8221; button_one_border_radius__hover_enabled=&#8221;off&#8221; button_two_border_radius__hover_enabled=&#8221;off&#8221; button_letter_spacing__hover_enabled=&#8221;off&#8221; button_one_letter_spacing__hover_enabled=&#8221;off&#8221; button_two_letter_spacing__hover_enabled=&#8221;off&#8221; button_bg_color__hover_enabled=&#8221;off&#8221; button_one_bg_color__hover_enabled=&#8221;off&#8221; button_two_bg_color__hover_enabled=&#8221;off&#8221;][\/et_pb_contact_field][et_pb_contact_field field_id=&#8221;telefono&#8221; field_title=&#8221;PHONE NUMBER&#8221; _builder_version=&#8221;4.24.0&#8243; _module_preset=&#8221;default&#8221; form_field_background_color=&#8221;RGBA(255,255,255,0)&#8221; form_field_focus_background_color=&#8221;RGBA(255,255,255,0)&#8221; form_field_focus_text_color=&#8221;#c79b67&#8243; form_field_font=&#8221;Antonio|600|||||||&#8221; form_field_font_size=&#8221;20px&#8221; global_colors_info=&#8221;{}&#8221;][\/et_pb_contact_field][et_pb_contact_field field_id=&#8221;Email&#8221; field_title=&#8221;EMAIL&#8221; field_type=&#8221;email&#8221; fullwidth_field=&#8221;on&#8221; _builder_version=&#8221;4.24.0&#8243; _module_preset=&#8221;default&#8221; form_field_background_color=&#8221;RGBA(255,255,255,0)&#8221; form_field_focus_background_color=&#8221;RGBA(255,255,255,0)&#8221; form_field_focus_text_color=&#8221;#c79b67&#8243; form_field_font=&#8221;Antonio|600|||||||&#8221; form_field_font_size=&#8221;20px&#8221; global_colors_info=&#8221;{}&#8221; button_text_size__hover_enabled=&#8221;off&#8221; button_one_text_size__hover_enabled=&#8221;off&#8221; button_two_text_size__hover_enabled=&#8221;off&#8221; button_text_color__hover_enabled=&#8221;off&#8221; button_one_text_color__hover_enabled=&#8221;off&#8221; button_two_text_color__hover_enabled=&#8221;off&#8221; button_border_width__hover_enabled=&#8221;off&#8221; button_one_border_width__hover_enabled=&#8221;off&#8221; button_two_border_width__hover_enabled=&#8221;off&#8221; button_border_color__hover_enabled=&#8221;off&#8221; button_one_border_color__hover_enabled=&#8221;off&#8221; button_two_border_color__hover_enabled=&#8221;off&#8221; button_border_radius__hover_enabled=&#8221;off&#8221; button_one_border_radius__hover_enabled=&#8221;off&#8221; button_two_border_radius__hover_enabled=&#8221;off&#8221; button_letter_spacing__hover_enabled=&#8221;off&#8221; button_one_letter_spacing__hover_enabled=&#8221;off&#8221; button_two_letter_spacing__hover_enabled=&#8221;off&#8221; button_bg_color__hover_enabled=&#8221;off&#8221; button_one_bg_color__hover_enabled=&#8221;off&#8221; button_two_bg_color__hover_enabled=&#8221;off&#8221;][\/et_pb_contact_field][et_pb_contact_field field_id=&#8221;Asunto&#8221; field_title=&#8221;EMAIL SUBJECT&#8221; field_type=&#8221;email&#8221; fullwidth_field=&#8221;on&#8221; _builder_version=&#8221;4.24.0&#8243; _module_preset=&#8221;default&#8221; form_field_background_color=&#8221;RGBA(255,255,255,0)&#8221; form_field_focus_background_color=&#8221;RGBA(255,255,255,0)&#8221; form_field_focus_text_color=&#8221;#c79b67&#8243; form_field_font=&#8221;Antonio|600|||||||&#8221; form_field_font_size=&#8221;20px&#8221; global_colors_info=&#8221;{}&#8221; button_text_size__hover_enabled=&#8221;off&#8221; button_one_text_size__hover_enabled=&#8221;off&#8221; button_two_text_size__hover_enabled=&#8221;off&#8221; button_text_color__hover_enabled=&#8221;off&#8221; button_one_text_color__hover_enabled=&#8221;off&#8221; button_two_text_color__hover_enabled=&#8221;off&#8221; button_border_width__hover_enabled=&#8221;off&#8221; button_one_border_width__hover_enabled=&#8221;off&#8221; button_two_border_width__hover_enabled=&#8221;off&#8221; button_border_color__hover_enabled=&#8221;off&#8221; button_one_border_color__hover_enabled=&#8221;off&#8221; button_two_border_color__hover_enabled=&#8221;off&#8221; button_border_radius__hover_enabled=&#8221;off&#8221; button_one_border_radius__hover_enabled=&#8221;off&#8221; button_two_border_radius__hover_enabled=&#8221;off&#8221; button_letter_spacing__hover_enabled=&#8221;off&#8221; button_one_letter_spacing__hover_enabled=&#8221;off&#8221; button_two_letter_spacing__hover_enabled=&#8221;off&#8221; button_bg_color__hover_enabled=&#8221;off&#8221; button_one_bg_color__hover_enabled=&#8221;off&#8221; button_two_bg_color__hover_enabled=&#8221;off&#8221;][\/et_pb_contact_field][et_pb_contact_field field_id=&#8221;Message&#8221; field_title=&#8221;MESSAGE&#8221; field_type=&#8221;text&#8221; fullwidth_field=&#8221;on&#8221; _builder_version=&#8221;4.23.4&#8243; _module_preset=&#8221;default&#8221; form_field_background_color=&#8221;RGBA(255,255,255,0)&#8221; form_field_focus_background_color=&#8221;RGBA(255,255,255,0)&#8221; form_field_focus_text_color=&#8221;#c79b67&#8243; form_field_font=&#8221;Antonio|600|||||||&#8221; form_field_font_size=&#8221;20px&#8221; global_colors_info=&#8221;{}&#8221; button_text_size__hover_enabled=&#8221;off&#8221; button_one_text_size__hover_enabled=&#8221;off&#8221; button_two_text_size__hover_enabled=&#8221;off&#8221; button_text_color__hover_enabled=&#8221;off&#8221; button_one_text_color__hover_enabled=&#8221;off&#8221; button_two_text_color__hover_enabled=&#8221;off&#8221; button_border_width__hover_enabled=&#8221;off&#8221; button_one_border_width__hover_enabled=&#8221;off&#8221; button_two_border_width__hover_enabled=&#8221;off&#8221; button_border_color__hover_enabled=&#8221;off&#8221; button_one_border_color__hover_enabled=&#8221;off&#8221; button_two_border_color__hover_enabled=&#8221;off&#8221; button_border_radius__hover_enabled=&#8221;off&#8221; button_one_border_radius__hover_enabled=&#8221;off&#8221; button_two_border_radius__hover_enabled=&#8221;off&#8221; button_letter_spacing__hover_enabled=&#8221;off&#8221; button_one_letter_spacing__hover_enabled=&#8221;off&#8221; button_two_letter_spacing__hover_enabled=&#8221;off&#8221; button_bg_color__hover_enabled=&#8221;off&#8221; button_one_bg_color__hover_enabled=&#8221;off&#8221; button_two_bg_color__hover_enabled=&#8221;off&#8221;][\/et_pb_contact_field][\/et_pb_contact_form][et_pb_text _builder_version=&#8221;4.25.0&#8243; _module_preset=&#8221;default&#8221; text_font=&#8221;Antonio||||||||&#8221; text_text_color=&#8221;#FFFFFF&#8221; text_font_size=&#8221;15px&#8221; hover_enabled=&#8221;0&#8243; global_colors_info=&#8221;{}&#8221; sticky_enabled=&#8221;0&#8243;]<span style=\"color: #c79b67;\">Responsible:<\/span> Aldea Distilleries S.L. <span style=\"color: #c79b67;\"><a style=\"color: #c79b67;\" href=\"mailto:ronaldea@destileriasaldea.es\">ronaldea@destileriasaldea.es<\/a><\/span><br \/>\n<span style=\"color: #c79b67;\">Purpose: <\/span>Management of the query, request or suggestion sent by the interested party.<br \/>\n<span style=\"color: #c79b67;\">Legitimation:<\/span>Your consent and legitimate interest to be able to respond to the request.<br \/>\n<span style=\"color: #c79b67;\">Rights:<\/span> You have the right of access, rectification, deletion, and other rights explained in the additional information.<br \/>\n<span style=\"color: #c79b67;\">Additional Information:<\/span> Consult the additional and detailed information on Data Protection in our <a href=\"https:\/\/destileriasaldea.es\/pdf\/politica_de_proteccion_de_datos_ingles.pdf\" target=\"_blank\" rel=\"noopener\"><span style=\"color: #c79b67;\">Privacy Policy.<\/span><\/a>[\/et_pb_text][\/et_pb_column][\/et_pb_row][et_pb_row column_structure=&#8221;1_2,1_2&#8243; use_custom_gutter=&#8221;on&#8221; gutter_width=&#8221;1&#8243; make_equal=&#8221;on&#8221; _builder_version=&#8221;4.24.1&#8243; _module_preset=&#8221;default&#8221; width=&#8221;50%&#8221; width_tablet=&#8221;80%&#8221; width_phone=&#8221;80%&#8221; width_last_edited=&#8221;on|tablet&#8221; max_width=&#8221;1920px&#8221; module_alignment=&#8221;center&#8221; global_colors_info=&#8221;{}&#8221;][et_pb_column type=&#8221;1_2&#8243; _builder_version=&#8221;4.23.4&#8243; _module_preset=&#8221;default&#8221; global_colors_info=&#8221;{}&#8221;][et_pb_text _builder_version=&#8221;4.24.0&#8243; _module_preset=&#8221;default&#8221; text_font=&#8221;Antonio||||||||&#8221; text_text_color=&#8221;#c79b67&#8243; text_font_size=&#8221;30px&#8221; global_colors_info=&#8221;{}&#8221;]<\/p>\n<p>CALL US:<\/p>\n<p>[\/et_pb_text][et_pb_text _builder_version=&#8221;4.24.1&#8243; _module_preset=&#8221;default&#8221; text_font=&#8221;Antonio||||||||&#8221; text_text_color=&#8221;#FFFFFF&#8221; text_font_size=&#8221;25px&#8221; header_text_color=&#8221;#FFFFFF&#8221; width=&#8221;340px&#8221; custom_margin=&#8221;||||false|false&#8221; custom_margin_tablet=&#8221;|||0px|false|false&#8221; custom_margin_phone=&#8221;|||0px|false|false&#8221; custom_margin_last_edited=&#8221;on|tablet&#8221; custom_padding=&#8221;20px||||false|false&#8221; text_font_size_tablet=&#8221;25px&#8221; text_font_size_phone=&#8221;16px&#8221; text_font_size_last_edited=&#8221;on|phone&#8221; locked=&#8221;off&#8221; global_colors_info=&#8221;{}&#8221;]<\/p>\n<p>Telephone (Main):<span style=\"color: #ffffff;\"><a style=\"color: #ffffff;\" href=\"tel:+34922450568\">+34 922450568<\/a><\/span><\/p>\n<p>Museum Telephone: <span style=\"color: #ffffff;\"><a style=\"color: #ffffff;\" href=\"tel:+34822900513\">+34 822900513<\/a><\/span><\/p>\n<p>[\/et_pb_text][\/et_pb_column][et_pb_column type=&#8221;1_2&#8243; _builder_version=&#8221;4.23.4&#8243; _module_preset=&#8221;default&#8221; global_colors_info=&#8221;{}&#8221;][et_pb_text _builder_version=&#8221;4.24.1&#8243; _module_preset=&#8221;default&#8221; text_font=&#8221;Antonio||||||||&#8221; text_text_color=&#8221;#c79b67&#8243; text_font_size=&#8221;30px&#8221; width=&#8221;50%&#8221; custom_padding=&#8221;30px||||false|false&#8221; global_colors_info=&#8221;{}&#8221;]<\/p>\n<p>FOLLOW US:<\/p>\n<p>[\/et_pb_text][et_pb_text _builder_version=&#8221;4.24.1&#8243; _module_preset=&#8221;default&#8221; text_font=&#8221;Antonio||||||||&#8221; text_text_color=&#8221;#FFFFFF&#8221; text_font_size=&#8221;25px&#8221; header_text_color=&#8221;#FFFFFF&#8221; width=&#8221;340px&#8221; custom_margin=&#8221;||||false|false&#8221; custom_margin_tablet=&#8221;|||0px|false|false&#8221; custom_margin_phone=&#8221;|||0px|false|false&#8221; custom_margin_last_edited=&#8221;on|tablet&#8221; custom_padding=&#8221;20px||||false|false&#8221; text_font_size_tablet=&#8221;25px&#8221; text_font_size_phone=&#8221;16px&#8221; text_font_size_last_edited=&#8221;on|phone&#8221; locked=&#8221;off&#8221; global_colors_info=&#8221;{}&#8221;]<\/p>\n<p><a href=\"https:\/\/www.facebook.com\/RonDeCanarias\" target=\"_blank\" rel=\"noopener\"><img loading=\"lazy\" decoding=\"async\" class=\"wp-image-1137 alignnone size-full\" src=\"https:\/\/destileriasaldea.es\/wp-content\/uploads\/2024\/02\/facebook.png\" alt=\"\" width=\"20\" height=\"41\" \/><\/a> <a href=\"https:\/\/www.instagram.com\/ronaldea_lapalma\/\" target=\"_blank\" rel=\"noopener\">\u00a0 \u00a0 <img loading=\"lazy\" decoding=\"async\" class=\"wp-image-1138 alignnone size-full\" src=\"https:\/\/destileriasaldea.es\/wp-content\/uploads\/2024\/02\/instagram.png\" alt=\"\" width=\"41\" height=\"41\" \/><\/a><\/p>\n<p>[\/et_pb_text][\/et_pb_column][\/et_pb_row][\/et_pb_section]<\/p>\n","protected":false},"excerpt":{"rendered":"<p>CONTACTFIND US:Camino el Melonar, 19 38729 Charco Azul La Palma IslandWRITE TO US:Responsible: Aldea Distilleries S.L. ronaldea@destileriasaldea.es Purpose: Management of the query, request or suggestion sent by the interested party. Legitimation:Your consent and legitimate interest to be able to respond to the request. Rights: You have the right of access, rectification, deletion, and other rights [&hellip;]<\/p>\n","protected":false},"author":1,"featured_media":0,"parent":0,"menu_order":0,"comment_status":"closed","ping_status":"closed","template":"","meta":{"_et_pb_use_builder":"on","_et_pb_old_content":"","_et_gb_content_width":"","footnotes":""},"class_list":["post-25981231","page","type-page","status-publish","hentry"],"_links":{"self":[{"href":"https:\/\/destileriasaldea.es\/en\/wp-json\/wp\/v2\/pages\/25981231","targetHints":{"allow":["GET"]}}],"collection":[{"href":"https:\/\/destileriasaldea.es\/en\/wp-json\/wp\/v2\/pages"}],"about":[{"href":"https:\/\/destileriasaldea.es\/en\/wp-json\/wp\/v2\/types\/page"}],"author":[{"embeddable":true,"href":"https:\/\/destileriasaldea.es\/en\/wp-json\/wp\/v2\/users\/1"}],"replies":[{"embeddable":true,"href":"https:\/\/destileriasaldea.es\/en\/wp-json\/wp\/v2\/comments?post=25981231"}],"version-history":[{"count":12,"href":"https:\/\/destileriasaldea.es\/en\/wp-json\/wp\/v2\/pages\/25981231\/revisions"}],"predecessor-version":[{"id":25981892,"href":"https:\/\/destileriasaldea.es\/en\/wp-json\/wp\/v2\/pages\/25981231\/revisions\/25981892"}],"wp:attachment":[{"href":"https:\/\/destileriasaldea.es\/en\/wp-json\/wp\/v2\/media?parent=25981231"}],"curies":[{"name":"wp","href":"https:\/\/api.w.org\/{rel}","templated":true}]}}